{"id":548,"date":"2022-02-13T19:41:48","date_gmt":"2022-02-13T19:41:48","guid":{"rendered":"https:\/\/daughtersofpushers.org\/doacao-2\/"},"modified":"2022-02-25T17:39:03","modified_gmt":"2022-02-25T17:39:03","slug":"doacao","status":"publish","type":"page","link":"https:\/\/daughtersofpushers.org\/pt-br\/doacao\/","title":{"rendered":"Doa\u00e7\u00e3o"},"content":{"rendered":"\t\t<div data-elementor-type=\"wp-page\" data-elementor-id=\"548\" class=\"elementor elementor-548 elementor-537\" data-elementor-settings=\"[]\">\n\t\t\t\t\t\t\t<div class=\"elementor-section-wrap\">\n\t\t\t\t\t\t\t<section class=\"elementor-section elementor-top-section elementor-element elementor-element-1c19e5d7 elementor-section-height-min-height elementor-section-boxed elementor-section-height-default elementor-section-items-middle\" data-id=\"1c19e5d7\" data-element_type=\"section\" data-settings=\"{&quot;background_background&quot;:&quot;classic&quot;}\">\n\t\t\t\t\t\t\t<div class=\"elementor-background-overlay\"><\/div>\n\t\t\t\t\t\t\t<div class=\"elementor-container elementor-column-gap-default\">\n\t\t\t\t\t<div class=\"elementor-column elementor-col-100 elementor-top-column elementor-element elementor-element-477e0040\" data-id=\"477e0040\" data-element_type=\"column\">\n\t\t\t<div class=\"elementor-widget-wrap elementor-element-populated\">\n\t\t\t\t\t\t\t\t<div class=\"elementor-element elementor-element-61c272f5 elementor-widget elementor-widget-heading\" data-id=\"61c272f5\" data-element_type=\"widget\" data-widget_type=\"heading.default\">\n\t\t\t\t<div class=\"elementor-widget-container\">\n\t\t\t<style>\/*! elementor - v3.5.5 - 03-02-2022 *\/\n.elementor-heading-title{padding:0;margin:0;line-height:1}.elementor-widget-heading .elementor-heading-title[class*=elementor-size-]>a{color:inherit;font-size:inherit;line-height:inherit}.elementor-widget-heading .elementor-heading-title.elementor-size-small{font-size:15px}.elementor-widget-heading .elementor-heading-title.elementor-size-medium{font-size:19px}.elementor-widget-heading .elementor-heading-title.elementor-size-large{font-size:29px}.elementor-widget-heading .elementor-heading-title.elementor-size-xl{font-size:39px}.elementor-widget-heading .elementor-heading-title.elementor-size-xxl{font-size:59px}<\/style><h2 class=\"elementor-heading-title elementor-size-default\">DOA\u00c7\u00c3O<\/h2>\t\t<\/div>\n\t\t\t\t<\/div>\n\t\t\t\t\t<\/div>\n\t\t<\/div>\n\t\t\t\t\t\t\t<\/div>\n\t\t<\/section>\n\t\t\t\t<section class=\"elementor-section elementor-top-section elementor-element elementor-element-7f74a44f elementor-section-content-middle elementor-section-boxed elementor-section-height-default elementor-section-height-default\" data-id=\"7f74a44f\" data-element_type=\"section\">\n\t\t\t\t\t\t<div class=\"elementor-container elementor-column-gap-default\">\n\t\t\t\t\t<div class=\"elementor-column elementor-col-100 elementor-top-column elementor-element elementor-element-36a54c5d\" data-id=\"36a54c5d\" data-element_type=\"column\">\n\t\t\t<div class=\"elementor-widget-wrap elementor-element-populated\">\n\t\t\t\t\t\t\t\t<div class=\"elementor-element elementor-element-4790e9ec elementor-widget elementor-widget-text-editor\" data-id=\"4790e9ec\" data-element_type=\"widget\" data-widget_type=\"text-editor.default\">\n\t\t\t\t<div class=\"elementor-widget-container\">\n\t\t\t<style>\/*! elementor - v3.5.5 - 03-02-2022 *\/\n.elementor-widget-text-editor.elementor-drop-cap-view-stacked .elementor-drop-cap{background-color:#818a91;color:#fff}.elementor-widget-text-editor.elementor-drop-cap-view-framed .elementor-drop-cap{color:#818a91;border:3px solid;background-color:transparent}.elementor-widget-text-editor:not(.elementor-drop-cap-view-default) .elementor-drop-cap{margin-top:8px}.elementor-widget-text-editor:not(.elementor-drop-cap-view-default) .elementor-drop-cap-letter{width:1em;height:1em}.elementor-widget-text-editor .elementor-drop-cap{float:left;text-align:center;line-height:1;font-size:50px}.elementor-widget-text-editor .elementor-drop-cap-letter{display:inline-block}<\/style>\t\t\t\t<p>Eu sou a Pastora Christina Johnson a fundadora da Daughters of Pushers INC \u00e9 uma organiza\u00e7\u00e3o sem fins lucrativos (501c3) estabelecida desde fevereiro de 2020. Por mais de 30 anos, tenho recebido em minha casa mulheres, homens e fam\u00edlias que estavam perturbadas, desabrigadas e abusadas.<\/p><p> <\/p><p>Somos chamados \u00e0s na\u00e7\u00f5es para compartilhar o amor de Deus e trazer esperan\u00e7a ao equipar o corpo de Cristo. Todos os fundos doados para Daughters of Pushers INC s\u00e3o tratados da maneira mais honrosa.<\/p><p> <\/p><p><strong>Voc\u00ea faria parceria conosco?<\/strong><\/p>\t\t\t\t\t\t<\/div>\n\t\t\t\t<\/div>\n\t\t\t\t\t<\/div>\n\t\t<\/div>\n\t\t\t\t\t\t\t<\/div>\n\t\t<\/section>\n\t\t\t\t<section class=\"elementor-section elementor-top-section elementor-element elementor-element-2c0c6425 elementor-section-boxed elementor-section-height-default elementor-section-height-default\" data-id=\"2c0c6425\" data-element_type=\"section\">\n\t\t\t\t\t\t<div class=\"elementor-container elementor-column-gap-default\">\n\t\t\t\t\t<div class=\"elementor-column elementor-col-100 elementor-top-column elementor-element elementor-element-42c0fb16\" data-id=\"42c0fb16\" data-element_type=\"column\" data-settings=\"{&quot;background_background&quot;:&quot;classic&quot;}\">\n\t\t\t<div class=\"elementor-widget-wrap elementor-element-populated\">\n\t\t\t\t\t\t\t\t<div class=\"elementor-element elementor-element-5634b858 elementor-widget elementor-widget-html\" data-id=\"5634b858\" data-element_type=\"widget\" data-widget_type=\"html.default\">\n\t\t\t\t<div class=\"elementor-widget-container\">\n\t\t\t  <style>#donatewidget {\n        padding: 30px;\n        display: block;;\n        width: 100%;\n        padding-top: 0px;\n        max-width: 100%;\n    }\n    .amounts {\n        display: block;;\n        margin: 0 auto;\n        text-align: center;\n    }\n    #donatewidget p {\n        text-align: center;\n        font-size: 0.9em;\n    }\n    #donatewidget input {\n        display: block;\n        border: 1px solid #ccc;\n        width: 100%;\n        padding:5px;\n        line-height: 30px;\n        margin: 5px;\n        padding: 5px;\n        border-radius: 5px;\n    }\n    input#amount {\n        display: block;\n        border: 1px solid #ccc;\n        width: 100%;\n        line-height: 30px;\n        padding-left: 40px !important;\n        padding-right: 40px;\n    }\n    select#currency {\n        display: inline-block;\n        width: 60px;\n        float: right;\n        right: 2px;\n        border: none;\n        margin-top: -38px;\n        -webkit-appearance: none;\n        -webkit-border-radius: 2px;\n        -webkit-padding-end: 20px;\n        -webkit-padding-start: 2px;\n        -webkit-user-select: none;\n        text-overflow: ellipsis;\n        outline: none;\n        white-space: nowrap;\n    }\n    span.currency {\n        margin-left: 10px;\n        position: absolute;\n        line-height: 30px;\n        padding: 6px 9px;\n        font-size: 1em;\n    }\n    .amounts a {\n        border-radius: 5px;\n        display: inline-block;\n        border: 1px solid #ccc;\n        padding: 6px 3px;\n        font-weight: bold;\n        margin: 5px;\n        width: 50px;\n        color: #666;\n    }\n    .amounts a.selected,\n    .amounts a:hover {\n        background: #002E70;\n        border-color: #002E70;\n        color: #fff;\n    }\n    .hsbtn {\n        display: inline-block;\n        font-weight: bold;\n        text-transform: uppercase;;\n        letter-spacing: 1px;\n        padding: 7px 40px;\n        background: #002E70;\n        color: #fff;\n        border-radius: 30px;\n        margin-top: 20px;\n    }\n    .hsbtn:hover {\n        color: #fff;\n        background: #00082F;\n    }\n<\/style><script>jQuery(document).ready(function($){\n        $('.amounts a').on('click',function(ev){\n            $('.amounts a').removeClass('selected');\n            $(this).addClass('selected');\n            var amt = $(this).data('amount');\n            $('#amount').val(amt);\n            console.log('amount',amt);\n            ev.preventDefault();\n            return false;\n        });\n        $('.donatebtn').on('click',function(ev){\n            var amt = $('#amount').val(),\n            url = \"https:\/\/daughtersofpushers.org\/pt-br\/carrinho\/?add-to-cart=576&nyp=\"+amt;\n            window.location = url;\n            return false;\n        });     \n    });\n<\/script><div id=\"donatewidget\"><div class=\"step\" data-step=\"1\">        \n        <p> Selecione um valor: <\/p><div class=\"amounts\"><a href=\"#\" data-amount=\"30\"> 30 <\/a><a href=\"#\" data-amount=\"50\"> 50 <\/a><a href=\"#\" data-amount=\"100\"> 100 <\/a><a href=\"#\" data-amount=\"250\"> 250 <\/a><\/div><p> ou coloque um valor abaixo: <\/p><div><span class=\"currency\"> R$ <\/span><input type=\"tel\" id=\"amount\" placeholder=\"Insira um valor\" oninput=\"this.value = this.value.replace(\/[^0-9.]\/g, '').replace(\/(\\..*)\\.\/g, '$1');\"\/><\/div><div style=\"text-align: center; width: 100%;\"><a href=\"#\" class=\"donatebtn hsbtn\"> DOAR <\/a><\/div><\/div><\/div>\t\t<\/div>\n\t\t\t\t<\/div>\n\t\t\t\t\t<\/div>\n\t\t<\/div>\n\t\t\t\t\t\t\t<\/div>\n\t\t<\/section>\n\t\t\t\t\t\t<\/div>\n\t\t\t\t\t<\/div>\n\t\t","protected":false},"excerpt":{"rendered":"<p>DOA\u00c7\u00c3O Eu sou a Pastora Christina Johnson a fundadora da Daughters of Pushers INC \u00e9 uma organiza\u00e7\u00e3o sem fins lucrativos (501c3) estabelecida desde fevereiro de 2020. Por mais de 30 anos, tenho recebido em minha casa mulheres, homens e fam\u00edlias que estavam perturbadas, desabrigadas e abusadas. Somos chamados \u00e0s na\u00e7\u00f5es para compartilhar o amor de [&hellip;]<\/p>\n","protected":false},"author":2,"featured_media":0,"parent":0,"menu_order":0,"comment_status":"closed","ping_status":"closed","template":"elementor_header_footer","meta":{"_links_to":"","_links_to_target":""},"yoast_head":"<!-- This site is optimized with the Yoast SEO plugin v18.2 - https:\/\/yoast.com\/wordpress\/plugins\/seo\/ -->\n<title>Doa\u00e7\u00e3o - Daughters of Pushers<\/title>\n<meta name=\"robots\" content=\"index, follow, max-snippet:-1, max-image-preview:large, max-video-preview:-1\" \/>\n<link rel=\"canonical\" href=\"https:\/\/daughtersofpushers.org\/pt-br\/doacao\/\" \/>\n<meta property=\"og:locale\" content=\"pt_BR\" \/>\n<meta property=\"og:type\" content=\"article\" \/>\n<meta property=\"og:title\" content=\"Doa\u00e7\u00e3o - Daughters of Pushers\" \/>\n<meta property=\"og:description\" content=\"DOA\u00c7\u00c3O Eu sou a Pastora Christina Johnson a fundadora da Daughters of Pushers INC \u00e9 uma organiza\u00e7\u00e3o sem fins lucrativos (501c3) estabelecida desde fevereiro de 2020. Por mais de 30 anos, tenho recebido em minha casa mulheres, homens e fam\u00edlias que estavam perturbadas, desabrigadas e abusadas. Somos chamados \u00e0s na\u00e7\u00f5es para compartilhar o amor de [&hellip;]\" \/>\n<meta property=\"og:url\" content=\"https:\/\/daughtersofpushers.org\/pt-br\/doacao\/\" \/>\n<meta property=\"og:site_name\" content=\"Daughters of Pushers\" \/>\n<meta property=\"article:modified_time\" content=\"2022-02-25T17:39:03+00:00\" \/>\n<meta name=\"twitter:card\" content=\"summary_large_image\" \/>\n<meta name=\"twitter:label1\" content=\"Est. tempo de leitura\" \/>\n\t<meta name=\"twitter:data1\" content=\"2 minutos\" \/>\n<script type=\"application\/ld+json\" class=\"yoast-schema-graph\">{\"@context\":\"https:\/\/schema.org\",\"@graph\":[{\"@type\":\"WebSite\",\"@id\":\"https:\/\/daughtersofpushers.org\/#website\",\"url\":\"https:\/\/daughtersofpushers.org\/\",\"name\":\"Daughters of Pushers\",\"description\":\"\",\"potentialAction\":[{\"@type\":\"SearchAction\",\"target\":{\"@type\":\"EntryPoint\",\"urlTemplate\":\"https:\/\/daughtersofpushers.org\/?s={search_term_string}\"},\"query-input\":\"required name=search_term_string\"}],\"inLanguage\":\"pt-BR\"},{\"@type\":\"WebPage\",\"@id\":\"https:\/\/daughtersofpushers.org\/pt-br\/doacao\/#webpage\",\"url\":\"https:\/\/daughtersofpushers.org\/pt-br\/doacao\/\",\"name\":\"Doa\u00e7\u00e3o - Daughters of Pushers\",\"isPartOf\":{\"@id\":\"https:\/\/daughtersofpushers.org\/#website\"},\"datePublished\":\"2022-02-13T19:41:48+00:00\",\"dateModified\":\"2022-02-25T17:39:03+00:00\",\"breadcrumb\":{\"@id\":\"https:\/\/daughtersofpushers.org\/pt-br\/doacao\/#breadcrumb\"},\"inLanguage\":\"pt-BR\",\"potentialAction\":[{\"@type\":\"ReadAction\",\"target\":[\"https:\/\/daughtersofpushers.org\/pt-br\/doacao\/\"]}]},{\"@type\":\"BreadcrumbList\",\"@id\":\"https:\/\/daughtersofpushers.org\/pt-br\/doacao\/#breadcrumb\",\"itemListElement\":[{\"@type\":\"ListItem\",\"position\":1,\"name\":\"Home\",\"item\":\"https:\/\/daughtersofpushers.org\/pt-br\/inicio\/\"},{\"@type\":\"ListItem\",\"position\":2,\"name\":\"Doa\u00e7\u00e3o\"}]}]}<\/script>\n<!-- \/ Yoast SEO plugin. -->","yoast_head_json":{"title":"Doa\u00e7\u00e3o - Daughters of Pushers","robots":{"index":"index","follow":"follow","max-snippet":"max-snippet:-1","max-image-preview":"max-image-preview:large","max-video-preview":"max-video-preview:-1"},"canonical":"https:\/\/daughtersofpushers.org\/pt-br\/doacao\/","og_locale":"pt_BR","og_type":"article","og_title":"Doa\u00e7\u00e3o - Daughters of Pushers","og_description":"DOA\u00c7\u00c3O Eu sou a Pastora Christina Johnson a fundadora da Daughters of Pushers INC \u00e9 uma organiza\u00e7\u00e3o sem fins lucrativos (501c3) estabelecida desde fevereiro de 2020. Por mais de 30 anos, tenho recebido em minha casa mulheres, homens e fam\u00edlias que estavam perturbadas, desabrigadas e abusadas. Somos chamados \u00e0s na\u00e7\u00f5es para compartilhar o amor de [&hellip;]","og_url":"https:\/\/daughtersofpushers.org\/pt-br\/doacao\/","og_site_name":"Daughters of Pushers","article_modified_time":"2022-02-25T17:39:03+00:00","twitter_card":"summary_large_image","twitter_misc":{"Est. tempo de leitura":"2 minutos"},"schema":{"@context":"https:\/\/schema.org","@graph":[{"@type":"WebSite","@id":"https:\/\/daughtersofpushers.org\/#website","url":"https:\/\/daughtersofpushers.org\/","name":"Daughters of Pushers","description":"","potentialAction":[{"@type":"SearchAction","target":{"@type":"EntryPoint","urlTemplate":"https:\/\/daughtersofpushers.org\/?s={search_term_string}"},"query-input":"required name=search_term_string"}],"inLanguage":"pt-BR"},{"@type":"WebPage","@id":"https:\/\/daughtersofpushers.org\/pt-br\/doacao\/#webpage","url":"https:\/\/daughtersofpushers.org\/pt-br\/doacao\/","name":"Doa\u00e7\u00e3o - Daughters of Pushers","isPartOf":{"@id":"https:\/\/daughtersofpushers.org\/#website"},"datePublished":"2022-02-13T19:41:48+00:00","dateModified":"2022-02-25T17:39:03+00:00","breadcrumb":{"@id":"https:\/\/daughtersofpushers.org\/pt-br\/doacao\/#breadcrumb"},"inLanguage":"pt-BR","potentialAction":[{"@type":"ReadAction","target":["https:\/\/daughtersofpushers.org\/pt-br\/doacao\/"]}]},{"@type":"BreadcrumbList","@id":"https:\/\/daughtersofpushers.org\/pt-br\/doacao\/#breadcrumb","itemListElement":[{"@type":"ListItem","position":1,"name":"Home","item":"https:\/\/daughtersofpushers.org\/pt-br\/inicio\/"},{"@type":"ListItem","position":2,"name":"Doa\u00e7\u00e3o"}]}]}},"_links":{"self":[{"href":"https:\/\/daughtersofpushers.org\/pt-br\/wp-json\/wp\/v2\/pages\/548"}],"collection":[{"href":"https:\/\/daughtersofpushers.org\/pt-br\/wp-json\/wp\/v2\/pages"}],"about":[{"href":"https:\/\/daughtersofpushers.org\/pt-br\/wp-json\/wp\/v2\/types\/page"}],"author":[{"embeddable":true,"href":"https:\/\/daughtersofpushers.org\/pt-br\/wp-json\/wp\/v2\/users\/2"}],"replies":[{"embeddable":true,"href":"https:\/\/daughtersofpushers.org\/pt-br\/wp-json\/wp\/v2\/comments?post=548"}],"version-history":[{"count":15,"href":"https:\/\/daughtersofpushers.org\/pt-br\/wp-json\/wp\/v2\/pages\/548\/revisions"}],"predecessor-version":[{"id":588,"href":"https:\/\/daughtersofpushers.org\/pt-br\/wp-json\/wp\/v2\/pages\/548\/revisions\/588"}],"wp:attachment":[{"href":"https:\/\/daughtersofpushers.org\/pt-br\/wp-json\/wp\/v2\/media?parent=548"}],"curies":[{"name":"wp","href":"https:\/\/api.w.org\/{rel}","templated":true}]}}