{"id":370,"date":"2021-12-01T02:20:07","date_gmt":"2021-12-01T02:20:07","guid":{"rendered":"https:\/\/daughtersofpushers.org\/son-of-pushers\/"},"modified":"2022-02-05T18:54:25","modified_gmt":"2022-02-05T18:54:25","slug":"son-of-pushers","status":"publish","type":"page","link":"https:\/\/daughtersofpushers.org\/pt-br\/son-of-pushers\/","title":{"rendered":"Son of Pushers"},"content":{"rendered":"\t\t<div data-elementor-type=\"wp-page\" data-elementor-id=\"370\" class=\"elementor elementor-370 elementor-32\" data-elementor-settings=\"[]\">\n\t\t\t\t\t\t\t<div class=\"elementor-section-wrap\">\n\t\t\t\t\t\t\t<section class=\"elementor-section elementor-top-section elementor-element elementor-element-fdf1379 elementor-section-height-min-height elementor-section-boxed elementor-section-height-default elementor-section-items-middle\" data-id=\"fdf1379\" data-element_type=\"section\" data-settings=\"{&quot;background_background&quot;:&quot;classic&quot;}\">\n\t\t\t\t\t\t\t<div class=\"elementor-background-overlay\"><\/div>\n\t\t\t\t\t\t\t<div class=\"elementor-container elementor-column-gap-default\">\n\t\t\t\t\t<div class=\"elementor-column elementor-col-100 elementor-top-column elementor-element elementor-element-eb514a8\" data-id=\"eb514a8\" data-element_type=\"column\">\n\t\t\t<div class=\"elementor-widget-wrap elementor-element-populated\">\n\t\t\t\t\t\t\t\t<div class=\"elementor-element elementor-element-96a4790 elementor-widget elementor-widget-heading\" data-id=\"96a4790\" data-element_type=\"widget\" data-widget_type=\"heading.default\">\n\t\t\t\t<div class=\"elementor-widget-container\">\n\t\t\t<style>\/*! elementor - v3.5.5 - 03-02-2022 *\/\n.elementor-heading-title{padding:0;margin:0;line-height:1}.elementor-widget-heading .elementor-heading-title[class*=elementor-size-]>a{color:inherit;font-size:inherit;line-height:inherit}.elementor-widget-heading .elementor-heading-title.elementor-size-small{font-size:15px}.elementor-widget-heading .elementor-heading-title.elementor-size-medium{font-size:19px}.elementor-widget-heading .elementor-heading-title.elementor-size-large{font-size:29px}.elementor-widget-heading .elementor-heading-title.elementor-size-xl{font-size:39px}.elementor-widget-heading .elementor-heading-title.elementor-size-xxl{font-size:59px}<\/style><h2 class=\"elementor-heading-title elementor-size-default\">SONS OF PUSHERS<\/h2>\t\t<\/div>\n\t\t\t\t<\/div>\n\t\t\t\t\t<\/div>\n\t\t<\/div>\n\t\t\t\t\t\t\t<\/div>\n\t\t<\/section>\n\t\t\t\t<section class=\"elementor-section elementor-top-section elementor-element elementor-element-fd7f67f elementor-section-content-middle elementor-section-boxed elementor-section-height-default elementor-section-height-default\" data-id=\"fd7f67f\" data-element_type=\"section\">\n\t\t\t\t\t\t<div class=\"elementor-container elementor-column-gap-default\">\n\t\t\t\t\t<div class=\"elementor-column elementor-col-100 elementor-top-column elementor-element elementor-element-ed84350\" data-id=\"ed84350\" data-element_type=\"column\">\n\t\t\t<div class=\"elementor-widget-wrap elementor-element-populated\">\n\t\t\t\t\t\t\t\t<div class=\"elementor-element elementor-element-f229c9c elementor-widget elementor-widget-text-editor\" data-id=\"f229c9c\" data-element_type=\"widget\" data-widget_type=\"text-editor.default\">\n\t\t\t\t<div class=\"elementor-widget-container\">\n\t\t\t<style>\/*! elementor - v3.5.5 - 03-02-2022 *\/\n.elementor-widget-text-editor.elementor-drop-cap-view-stacked .elementor-drop-cap{background-color:#818a91;color:#fff}.elementor-widget-text-editor.elementor-drop-cap-view-framed .elementor-drop-cap{color:#818a91;border:3px solid;background-color:transparent}.elementor-widget-text-editor:not(.elementor-drop-cap-view-default) .elementor-drop-cap{margin-top:8px}.elementor-widget-text-editor:not(.elementor-drop-cap-view-default) .elementor-drop-cap-letter{width:1em;height:1em}.elementor-widget-text-editor .elementor-drop-cap{float:left;text-align:center;line-height:1;font-size:50px}.elementor-widget-text-editor .elementor-drop-cap-letter{display:inline-block}<\/style>\t\t\t\t<p><strong>Filhos de Empurradores (SOP)<\/strong> O Esp\u00edrito Santo diz que nossos homens est\u00e3o sofrendo. Muitos filhos sem pais, a perda de identidade causou muitas disfun\u00e7\u00f5es na fam\u00edlia. Enquanto as mulheres est\u00e3o sendo curadas e entregues. Os homens est\u00e3o fora de lugar, para n\u00e3o dizer todos eles. Precisamos que o Le\u00e3o do filho se levante e desperte para o reino de Deus precisar de voc\u00ea. Deus diz que precisamos restaurar tijolo por tijolo da fam\u00edlia. Satan\u00e1s tem o desejo de roubar, matar e destruir. Mas Deus diz que temos vida e para sempre. Agora \u00e9 hora de reunir os filhos e filhas para preencher a lacuna para que nossos filhos possam ser curados. O avivamento no lar nos bastidores come\u00e7a com voc\u00ea.<\/p>\t\t\t\t\t\t<\/div>\n\t\t\t\t<\/div>\n\t\t\t\t<div class=\"elementor-element elementor-element-bcdcd54 elementor-widget elementor-widget-text-editor\" data-id=\"bcdcd54\" data-element_type=\"widget\" data-widget_type=\"text-editor.default\">\n\t\t\t\t<div class=\"elementor-widget-container\">\n\t\t\t\t\t\t\t<p>Empurr\u00e3o, Prop\u00f3sito, Ora\u00e7\u00e3o = Poder. Conduza voc\u00ea \u00e0 presen\u00e7a de Deus para que voc\u00ea opere em amor em tudo o que fizer, ser e falar. Espiritualmente equip\u00e1-lo para ser um homem de valor e um homem de Deus. Ajude, cure e honre a mulher de Deus dentro de voc\u00ea. Apague todos os obst\u00e1culos que est\u00e3o bloqueando voc\u00ea. Empurradores ir\u00e3o elev\u00e1-lo para sua pr\u00f3xima dimens\u00e3o. Resgate, reabaste\u00e7a, reconstrua e reviva voc\u00ea. Com cada \u201cRE\u201d h\u00e1 uma promessa de Deus ligada a ele. Fique com voc\u00ea enquanto voc\u00ea caminha para a grandeza. N\u00f3s somos seus campe\u00f5es para a gl\u00f3ria de Deus.<\/p>\t\t\t\t\t\t<\/div>\n\t\t\t\t<\/div>\n\t\t\t\t<div class=\"elementor-element elementor-element-72516e4 elementor-widget elementor-widget-text-editor\" data-id=\"72516e4\" data-element_type=\"widget\" data-widget_type=\"text-editor.default\">\n\t\t\t\t<div class=\"elementor-widget-container\">\n\t\t\t\t\t\t\t<p>Segundo Ad\u00e3o surja, livre-se da culpa e da vergonha. Jesus foi sacrificado na cruz para voc\u00ea voltar ao \u00c9den e resgatar o tempo perdido. Homens, estamos esperando por voc\u00eas. As mulheres precisam que voc\u00ea seja o Sacerdote, Protetor e Provedor do lar. N\u00e3o podemos criar os jovens; voc\u00ea tem o que \u00e9 preciso. Assuma sua posi\u00e7\u00e3o, avance para ser reconhecido. Junte-se ao ex\u00e9rcito do Senhor. H\u00e1 homens valentes que vieram e aceitaram a incumb\u00eancia. &#8220;Eu estou indo para voc\u00ea.&#8221; Eles aceitaram a acusa\u00e7\u00e3o; eles est\u00e3o prontos para orient\u00e1-lo a se levantar para que voc\u00ea possa se tornar um homem para a gl\u00f3ria de Deus.<\/p>\t\t\t\t\t\t<\/div>\n\t\t\t\t<\/div>\n\t\t\t\t<div class=\"elementor-element elementor-element-fddfca4 elementor-widget elementor-widget-text-editor\" data-id=\"fddfca4\" data-element_type=\"widget\" data-widget_type=\"text-editor.default\">\n\t\t\t\t<div class=\"elementor-widget-container\">\n\t\t\t\t\t\t\t<p>\u201cAnd God said, Let us make man in our image, after our likeness: and let them have dominion over the fish of the sea, and over the fowl of the air, and over the cattle, and over all the earth, and over every creeping thing that creepeth upon the earth. 27. And God blessed them, and God said unto them, Be fruitful, and multiply, and replenish the earth, and subdue it: and have dominion over the fish of the sea, and over the fowl of the air, and over every living thing that moveth upon the earth. (Genesis 1:26-27)<\/p><p>Amen<\/p>\t\t\t\t\t\t<\/div>\n\t\t\t\t<\/div>\n\t\t\t\t<div class=\"elementor-element elementor-element-eb2d5b2 elementor-widget elementor-widget-text-editor\" data-id=\"eb2d5b2\" data-element_type=\"widget\" data-widget_type=\"text-editor.default\">\n\t\t\t\t<div class=\"elementor-widget-container\">\n\t\t\t\t\t\t\t<p><strong>Drs. Edward &amp; Christina Johnson<\/strong><\/p>\t\t\t\t\t\t<\/div>\n\t\t\t\t<\/div>\n\t\t\t\t\t<\/div>\n\t\t<\/div>\n\t\t\t\t\t\t\t<\/div>\n\t\t<\/section>\n\t\t\t\t\t\t<\/div>\n\t\t\t\t\t<\/div>\n\t\t","protected":false},"excerpt":{"rendered":"<p>SONS OF PUSHERS Filhos de Empurradores (SOP) O Esp\u00edrito Santo diz que nossos homens est\u00e3o sofrendo. Muitos filhos sem pais, a perda de identidade causou muitas disfun\u00e7\u00f5es na fam\u00edlia. Enquanto as mulheres est\u00e3o sendo curadas e entregues. Os homens est\u00e3o fora de lugar, para n\u00e3o dizer todos eles. Precisamos que o Le\u00e3o do filho se [&hellip;]<\/p>\n","protected":false},"author":1,"featured_media":0,"parent":0,"menu_order":0,"comment_status":"closed","ping_status":"closed","template":"elementor_header_footer","meta":{"_links_to":"","_links_to_target":""},"yoast_head":"<!-- This site is optimized with the Yoast SEO plugin v18.2 - https:\/\/yoast.com\/wordpress\/plugins\/seo\/ -->\n<title>Son of Pushers - Daughters of Pushers<\/title>\n<meta name=\"robots\" content=\"index, follow, max-snippet:-1, max-image-preview:large, max-video-preview:-1\" \/>\n<link rel=\"canonical\" href=\"https:\/\/daughtersofpushers.org\/pt-br\/son-of-pushers\/\" \/>\n<meta property=\"og:locale\" content=\"pt_BR\" \/>\n<meta property=\"og:type\" content=\"article\" \/>\n<meta property=\"og:title\" content=\"Son of Pushers - Daughters of Pushers\" \/>\n<meta property=\"og:description\" content=\"SONS OF PUSHERS Filhos de Empurradores (SOP) O Esp\u00edrito Santo diz que nossos homens est\u00e3o sofrendo. Muitos filhos sem pais, a perda de identidade causou muitas disfun\u00e7\u00f5es na fam\u00edlia. Enquanto as mulheres est\u00e3o sendo curadas e entregues. Os homens est\u00e3o fora de lugar, para n\u00e3o dizer todos eles. Precisamos que o Le\u00e3o do filho se [&hellip;]\" \/>\n<meta property=\"og:url\" content=\"https:\/\/daughtersofpushers.org\/pt-br\/son-of-pushers\/\" \/>\n<meta property=\"og:site_name\" content=\"Daughters of Pushers\" \/>\n<meta property=\"article:modified_time\" content=\"2022-02-05T18:54:25+00:00\" \/>\n<meta name=\"twitter:card\" content=\"summary_large_image\" \/>\n<meta name=\"twitter:label1\" content=\"Est. tempo de leitura\" \/>\n\t<meta name=\"twitter:data1\" content=\"2 minutos\" \/>\n<script type=\"application\/ld+json\" class=\"yoast-schema-graph\">{\"@context\":\"https:\/\/schema.org\",\"@graph\":[{\"@type\":\"WebSite\",\"@id\":\"https:\/\/daughtersofpushers.org\/#website\",\"url\":\"https:\/\/daughtersofpushers.org\/\",\"name\":\"Daughters of Pushers\",\"description\":\"\",\"potentialAction\":[{\"@type\":\"SearchAction\",\"target\":{\"@type\":\"EntryPoint\",\"urlTemplate\":\"https:\/\/daughtersofpushers.org\/?s={search_term_string}\"},\"query-input\":\"required name=search_term_string\"}],\"inLanguage\":\"pt-BR\"},{\"@type\":\"WebPage\",\"@id\":\"https:\/\/daughtersofpushers.org\/pt-br\/son-of-pushers\/#webpage\",\"url\":\"https:\/\/daughtersofpushers.org\/pt-br\/son-of-pushers\/\",\"name\":\"Son of Pushers - Daughters of Pushers\",\"isPartOf\":{\"@id\":\"https:\/\/daughtersofpushers.org\/#website\"},\"datePublished\":\"2021-12-01T02:20:07+00:00\",\"dateModified\":\"2022-02-05T18:54:25+00:00\",\"breadcrumb\":{\"@id\":\"https:\/\/daughtersofpushers.org\/pt-br\/son-of-pushers\/#breadcrumb\"},\"inLanguage\":\"pt-BR\",\"potentialAction\":[{\"@type\":\"ReadAction\",\"target\":[\"https:\/\/daughtersofpushers.org\/pt-br\/son-of-pushers\/\"]}]},{\"@type\":\"BreadcrumbList\",\"@id\":\"https:\/\/daughtersofpushers.org\/pt-br\/son-of-pushers\/#breadcrumb\",\"itemListElement\":[{\"@type\":\"ListItem\",\"position\":1,\"name\":\"Home\",\"item\":\"https:\/\/daughtersofpushers.org\/pt-br\/inicio\/\"},{\"@type\":\"ListItem\",\"position\":2,\"name\":\"Son of Pushers\"}]}]}<\/script>\n<!-- \/ Yoast SEO plugin. -->","yoast_head_json":{"title":"Son of Pushers - Daughters of Pushers","robots":{"index":"index","follow":"follow","max-snippet":"max-snippet:-1","max-image-preview":"max-image-preview:large","max-video-preview":"max-video-preview:-1"},"canonical":"https:\/\/daughtersofpushers.org\/pt-br\/son-of-pushers\/","og_locale":"pt_BR","og_type":"article","og_title":"Son of Pushers - Daughters of Pushers","og_description":"SONS OF PUSHERS Filhos de Empurradores (SOP) O Esp\u00edrito Santo diz que nossos homens est\u00e3o sofrendo. Muitos filhos sem pais, a perda de identidade causou muitas disfun\u00e7\u00f5es na fam\u00edlia. Enquanto as mulheres est\u00e3o sendo curadas e entregues. Os homens est\u00e3o fora de lugar, para n\u00e3o dizer todos eles. Precisamos que o Le\u00e3o do filho se [&hellip;]","og_url":"https:\/\/daughtersofpushers.org\/pt-br\/son-of-pushers\/","og_site_name":"Daughters of Pushers","article_modified_time":"2022-02-05T18:54:25+00:00","twitter_card":"summary_large_image","twitter_misc":{"Est. tempo de leitura":"2 minutos"},"schema":{"@context":"https:\/\/schema.org","@graph":[{"@type":"WebSite","@id":"https:\/\/daughtersofpushers.org\/#website","url":"https:\/\/daughtersofpushers.org\/","name":"Daughters of Pushers","description":"","potentialAction":[{"@type":"SearchAction","target":{"@type":"EntryPoint","urlTemplate":"https:\/\/daughtersofpushers.org\/?s={search_term_string}"},"query-input":"required name=search_term_string"}],"inLanguage":"pt-BR"},{"@type":"WebPage","@id":"https:\/\/daughtersofpushers.org\/pt-br\/son-of-pushers\/#webpage","url":"https:\/\/daughtersofpushers.org\/pt-br\/son-of-pushers\/","name":"Son of Pushers - Daughters of Pushers","isPartOf":{"@id":"https:\/\/daughtersofpushers.org\/#website"},"datePublished":"2021-12-01T02:20:07+00:00","dateModified":"2022-02-05T18:54:25+00:00","breadcrumb":{"@id":"https:\/\/daughtersofpushers.org\/pt-br\/son-of-pushers\/#breadcrumb"},"inLanguage":"pt-BR","potentialAction":[{"@type":"ReadAction","target":["https:\/\/daughtersofpushers.org\/pt-br\/son-of-pushers\/"]}]},{"@type":"BreadcrumbList","@id":"https:\/\/daughtersofpushers.org\/pt-br\/son-of-pushers\/#breadcrumb","itemListElement":[{"@type":"ListItem","position":1,"name":"Home","item":"https:\/\/daughtersofpushers.org\/pt-br\/inicio\/"},{"@type":"ListItem","position":2,"name":"Son of Pushers"}]}]}},"_links":{"self":[{"href":"https:\/\/daughtersofpushers.org\/pt-br\/wp-json\/wp\/v2\/pages\/370"}],"collection":[{"href":"https:\/\/daughtersofpushers.org\/pt-br\/wp-json\/wp\/v2\/pages"}],"about":[{"href":"https:\/\/daughtersofpushers.org\/pt-br\/wp-json\/wp\/v2\/types\/page"}],"author":[{"embeddable":true,"href":"https:\/\/daughtersofpushers.org\/pt-br\/wp-json\/wp\/v2\/users\/1"}],"replies":[{"embeddable":true,"href":"https:\/\/daughtersofpushers.org\/pt-br\/wp-json\/wp\/v2\/comments?post=370"}],"version-history":[{"count":3,"href":"https:\/\/daughtersofpushers.org\/pt-br\/wp-json\/wp\/v2\/pages\/370\/revisions"}],"predecessor-version":[{"id":394,"href":"https:\/\/daughtersofpushers.org\/pt-br\/wp-json\/wp\/v2\/pages\/370\/revisions\/394"}],"wp:attachment":[{"href":"https:\/\/daughtersofpushers.org\/pt-br\/wp-json\/wp\/v2\/media?parent=370"}],"curies":[{"name":"wp","href":"https:\/\/api.w.org\/{rel}","templated":true}]}}