{"id":366,"date":"2021-12-01T02:19:42","date_gmt":"2021-12-01T02:19:42","guid":{"rendered":"https:\/\/daughtersofpushers.org\/sobre\/"},"modified":"2022-02-05T18:53:55","modified_gmt":"2022-02-05T18:53:55","slug":"sobre","status":"publish","type":"page","link":"https:\/\/daughtersofpushers.org\/pt-br\/sobre\/","title":{"rendered":"Sobre"},"content":{"rendered":"\t\t<div data-elementor-type=\"wp-page\" data-elementor-id=\"366\" class=\"elementor elementor-366 elementor-28\" data-elementor-settings=\"[]\">\n\t\t\t\t\t\t\t<div class=\"elementor-section-wrap\">\n\t\t\t\t\t\t\t<section class=\"elementor-section elementor-top-section elementor-element elementor-element-dbd5822 elementor-section-height-min-height elementor-section-boxed elementor-section-height-default elementor-section-items-middle\" data-id=\"dbd5822\" data-element_type=\"section\" data-settings=\"{&quot;background_background&quot;:&quot;classic&quot;}\">\n\t\t\t\t\t\t\t<div class=\"elementor-background-overlay\"><\/div>\n\t\t\t\t\t\t\t<div class=\"elementor-container elementor-column-gap-default\">\n\t\t\t\t\t<div class=\"elementor-column elementor-col-100 elementor-top-column elementor-element elementor-element-4f77ee6\" data-id=\"4f77ee6\" data-element_type=\"column\">\n\t\t\t<div class=\"elementor-widget-wrap elementor-element-populated\">\n\t\t\t\t\t\t\t\t<div class=\"elementor-element elementor-element-df7b8a4 elementor-widget elementor-widget-heading\" data-id=\"df7b8a4\" data-element_type=\"widget\" data-widget_type=\"heading.default\">\n\t\t\t\t<div class=\"elementor-widget-container\">\n\t\t\t<style>\/*! elementor - v3.5.5 - 03-02-2022 *\/\n.elementor-heading-title{padding:0;margin:0;line-height:1}.elementor-widget-heading .elementor-heading-title[class*=elementor-size-]>a{color:inherit;font-size:inherit;line-height:inherit}.elementor-widget-heading .elementor-heading-title.elementor-size-small{font-size:15px}.elementor-widget-heading .elementor-heading-title.elementor-size-medium{font-size:19px}.elementor-widget-heading .elementor-heading-title.elementor-size-large{font-size:29px}.elementor-widget-heading .elementor-heading-title.elementor-size-xl{font-size:39px}.elementor-widget-heading .elementor-heading-title.elementor-size-xxl{font-size:59px}<\/style><h2 class=\"elementor-heading-title elementor-size-default\">SOBRE<\/h2>\t\t<\/div>\n\t\t\t\t<\/div>\n\t\t\t\t\t<\/div>\n\t\t<\/div>\n\t\t\t\t\t\t\t<\/div>\n\t\t<\/section>\n\t\t\t\t<section class=\"elementor-section elementor-top-section elementor-element elementor-element-342aa4d elementor-section-content-middle elementor-section-boxed elementor-section-height-default elementor-section-height-default\" data-id=\"342aa4d\" data-element_type=\"section\">\n\t\t\t\t\t\t<div class=\"elementor-container elementor-column-gap-default\">\n\t\t\t\t\t<div class=\"elementor-column elementor-col-100 elementor-top-column elementor-element elementor-element-42a2edb\" data-id=\"42a2edb\" data-element_type=\"column\">\n\t\t\t<div class=\"elementor-widget-wrap elementor-element-populated\">\n\t\t\t\t\t\t\t\t<div class=\"elementor-element elementor-element-49744c6 elementor-widget elementor-widget-text-editor\" data-id=\"49744c6\" data-element_type=\"widget\" data-widget_type=\"text-editor.default\">\n\t\t\t\t<div class=\"elementor-widget-container\">\n\t\t\t<style>\/*! elementor - v3.5.5 - 03-02-2022 *\/\n.elementor-widget-text-editor.elementor-drop-cap-view-stacked .elementor-drop-cap{background-color:#818a91;color:#fff}.elementor-widget-text-editor.elementor-drop-cap-view-framed .elementor-drop-cap{color:#818a91;border:3px solid;background-color:transparent}.elementor-widget-text-editor:not(.elementor-drop-cap-view-default) .elementor-drop-cap{margin-top:8px}.elementor-widget-text-editor:not(.elementor-drop-cap-view-default) .elementor-drop-cap-letter{width:1em;height:1em}.elementor-widget-text-editor .elementor-drop-cap{float:left;text-align:center;line-height:1;font-size:50px}.elementor-widget-text-editor .elementor-drop-cap-letter{display:inline-block}<\/style>\t\t\t\t<p>Eu sou a pastora Christina Johnson, fundadora da Daughters of Pushers INC, uma organiza\u00e7\u00e3o sem fins lucrativos (501c3) estabelecida desde fevereiro de 2020. Por mais de 30 anos, tenho recebido em minha casa mulheres, homens e fam\u00edlias que estavam perturbadas, sem-teto e abusado. Deus me usou para edificar as mulheres atrav\u00e9s do \u201cAcampamento Espiritual\u201d. Os resultados t\u00eam mudado vidas para a gl\u00f3ria de Deus.<\/p>\t\t\t\t\t\t<\/div>\n\t\t\t\t<\/div>\n\t\t\t\t<div class=\"elementor-element elementor-element-661e091 elementor-widget elementor-widget-text-editor\" data-id=\"661e091\" data-element_type=\"widget\" data-widget_type=\"text-editor.default\">\n\t\t\t\t<div class=\"elementor-widget-container\">\n\t\t\t\t\t\t\t<p>Aos 17 anos me alistei no Ex\u00e9rcito dos EUA. Eu estava na Alemanha, onde eu era a \u00fanica mulher, 36 americanos em uma base alem\u00e3 guardando armas nucleares. Deus me lembrou do meu treinamento militar especial. \u201cEu liguei para voc\u00ea para um momento como este. Comece do zero e ensine meu pessoal ao campo de treinamento espiritual.\u201d Deus me deu instru\u00e7\u00f5es para ir e resgatar as mulheres. \u201c\u00c9 como resgate 911. Use suas estrat\u00e9gias militares para equip\u00e1-los para a guerra espiritual porque sua adora\u00e7\u00e3o \u00e9 sua guerra. Vou cur\u00e1-los com meu amor contagiante, diz o Senhor\u201d.<\/p>\t\t\t\t\t\t<\/div>\n\t\t\t\t<\/div>\n\t\t\t\t<div class=\"elementor-element elementor-element-107a758 elementor-widget elementor-widget-text-editor\" data-id=\"107a758\" data-element_type=\"widget\" data-widget_type=\"text-editor.default\">\n\t\t\t\t<div class=\"elementor-widget-container\">\n\t\t\t\t\t\t\t<p><strong>O treinamento de 90 dias do treinamento espiritual do Boot Camp consiste em:\u00a0<\/strong><\/p><p>\u00a0<\/p><p><i class=\"fas fa-angle-right\"><\/i> Jejum do pensamento errado<\/p><p><i class=\"fas fa-angle-right\"><\/i> Ferramentas de aplica\u00e7\u00e3o de vida para ativar a cura de dentro para fora<\/p><p><i class=\"fas fa-angle-right\"><\/i> Liberta\u00e7\u00e3o pela palavra de Deus<\/p><p>\u00a0<\/p><p>\u201cO amor \u00e9 como a \u00e1gua; podemos cair nele, podemos nos afogar nele e n\u00e3o podemos viver sem ele.\u201d (unknown author)<\/p><p>&#8220;Quando voc\u00ea ama; voc\u00ea tem autoridade para levar as filhas a termo \u2013 sem mais carruagens espirituais \u2013 sem mais abortos espirituais\u201d. 1 Cor\u00edntios 13:2b \u201csem amor estamos falidos\u201d (nada)<\/p>\t\t\t\t\t\t<\/div>\n\t\t\t\t<\/div>\n\t\t\t\t\t<\/div>\n\t\t<\/div>\n\t\t\t\t\t\t\t<\/div>\n\t\t<\/section>\n\t\t\t\t<section class=\"elementor-section elementor-top-section elementor-element elementor-element-cafcf08 elementor-section-full_width elementor-section-height-default elementor-section-height-default\" data-id=\"cafcf08\" data-element_type=\"section\">\n\t\t\t\t\t\t<div class=\"elementor-container elementor-column-gap-no\">\n\t\t\t\t\t<div class=\"elementor-column elementor-col-20 elementor-top-column elementor-element elementor-element-a9a5740\" data-id=\"a9a5740\" data-element_type=\"column\">\n\t\t\t<div class=\"elementor-widget-wrap elementor-element-populated\">\n\t\t\t\t\t\t\t\t<div class=\"elementor-element elementor-element-7299ca0 elementor-widget elementor-widget-image\" data-id=\"7299ca0\" data-element_type=\"widget\" data-widget_type=\"image.default\">\n\t\t\t\t<div class=\"elementor-widget-container\">\n\t\t\t<style>\/*! elementor - v3.5.5 - 03-02-2022 *\/\n.elementor-widget-image{text-align:center}.elementor-widget-image a{display:inline-block}.elementor-widget-image a img[src$=\".svg\"]{width:48px}.elementor-widget-image img{vertical-align:middle;display:inline-block}<\/style>\t\t\t\t\t\t\t\t\t\t\t\t<img width=\"384\" height=\"384\" src=\"https:\/\/daughtersofpushers.org\/wp-content\/uploads\/2021\/12\/01.jpg\" class=\"attachment-large size-large\" alt=\"\" loading=\"lazy\" srcset=\"https:\/\/daughtersofpushers.org\/wp-content\/uploads\/2021\/12\/01.jpg 384w, https:\/\/daughtersofpushers.org\/wp-content\/uploads\/2021\/12\/01-300x300.jpg 300w, https:\/\/daughtersofpushers.org\/wp-content\/uploads\/2021\/12\/01-100x100.jpg 100w, https:\/\/daughtersofpushers.org\/wp-content\/uploads\/2021\/12\/01-150x150.jpg 150w\" sizes=\"(max-width: 384px) 100vw, 384px\" \/>\t\t\t\t\t\t\t\t\t\t\t\t\t\t\t<\/div>\n\t\t\t\t<\/div>\n\t\t\t\t\t<\/div>\n\t\t<\/div>\n\t\t\t\t<div class=\"elementor-column elementor-col-20 elementor-top-column elementor-element elementor-element-6705360\" data-id=\"6705360\" data-element_type=\"column\">\n\t\t\t<div class=\"elementor-widget-wrap elementor-element-populated\">\n\t\t\t\t\t\t\t\t<div class=\"elementor-element elementor-element-7bfa459 elementor-widget elementor-widget-image\" data-id=\"7bfa459\" data-element_type=\"widget\" data-widget_type=\"image.default\">\n\t\t\t\t<div class=\"elementor-widget-container\">\n\t\t\t\t\t\t\t\t\t\t\t\t\t\t\t<img width=\"384\" height=\"384\" src=\"https:\/\/daughtersofpushers.org\/wp-content\/uploads\/2021\/12\/02.jpg\" class=\"attachment-large size-large\" alt=\"\" loading=\"lazy\" srcset=\"https:\/\/daughtersofpushers.org\/wp-content\/uploads\/2021\/12\/02.jpg 384w, https:\/\/daughtersofpushers.org\/wp-content\/uploads\/2021\/12\/02-300x300.jpg 300w, https:\/\/daughtersofpushers.org\/wp-content\/uploads\/2021\/12\/02-100x100.jpg 100w, https:\/\/daughtersofpushers.org\/wp-content\/uploads\/2021\/12\/02-150x150.jpg 150w\" sizes=\"(max-width: 384px) 100vw, 384px\" \/>\t\t\t\t\t\t\t\t\t\t\t\t\t\t\t<\/div>\n\t\t\t\t<\/div>\n\t\t\t\t\t<\/div>\n\t\t<\/div>\n\t\t\t\t<div class=\"elementor-column elementor-col-20 elementor-top-column elementor-element elementor-element-1a3a09a\" data-id=\"1a3a09a\" data-element_type=\"column\">\n\t\t\t<div class=\"elementor-widget-wrap elementor-element-populated\">\n\t\t\t\t\t\t\t\t<div class=\"elementor-element elementor-element-3f4ab92 elementor-widget elementor-widget-image\" data-id=\"3f4ab92\" data-element_type=\"widget\" data-widget_type=\"image.default\">\n\t\t\t\t<div class=\"elementor-widget-container\">\n\t\t\t\t\t\t\t\t\t\t\t\t\t\t\t<img width=\"384\" height=\"384\" src=\"https:\/\/daughtersofpushers.org\/wp-content\/uploads\/2021\/12\/03.jpg\" class=\"attachment-large size-large\" alt=\"\" loading=\"lazy\" srcset=\"https:\/\/daughtersofpushers.org\/wp-content\/uploads\/2021\/12\/03.jpg 384w, https:\/\/daughtersofpushers.org\/wp-content\/uploads\/2021\/12\/03-300x300.jpg 300w, https:\/\/daughtersofpushers.org\/wp-content\/uploads\/2021\/12\/03-100x100.jpg 100w, https:\/\/daughtersofpushers.org\/wp-content\/uploads\/2021\/12\/03-150x150.jpg 150w\" sizes=\"(max-width: 384px) 100vw, 384px\" \/>\t\t\t\t\t\t\t\t\t\t\t\t\t\t\t<\/div>\n\t\t\t\t<\/div>\n\t\t\t\t\t<\/div>\n\t\t<\/div>\n\t\t\t\t<div class=\"elementor-column elementor-col-20 elementor-top-column elementor-element elementor-element-9c31e1c\" data-id=\"9c31e1c\" data-element_type=\"column\">\n\t\t\t<div class=\"elementor-widget-wrap elementor-element-populated\">\n\t\t\t\t\t\t\t\t<div class=\"elementor-element elementor-element-170a8b7 elementor-widget elementor-widget-image\" data-id=\"170a8b7\" data-element_type=\"widget\" data-widget_type=\"image.default\">\n\t\t\t\t<div class=\"elementor-widget-container\">\n\t\t\t\t\t\t\t\t\t\t\t\t\t\t\t<img width=\"384\" height=\"384\" src=\"https:\/\/daughtersofpushers.org\/wp-content\/uploads\/2021\/12\/04.jpg\" class=\"attachment-large size-large\" alt=\"\" loading=\"lazy\" srcset=\"https:\/\/daughtersofpushers.org\/wp-content\/uploads\/2021\/12\/04.jpg 384w, https:\/\/daughtersofpushers.org\/wp-content\/uploads\/2021\/12\/04-300x300.jpg 300w, https:\/\/daughtersofpushers.org\/wp-content\/uploads\/2021\/12\/04-100x100.jpg 100w, https:\/\/daughtersofpushers.org\/wp-content\/uploads\/2021\/12\/04-150x150.jpg 150w\" sizes=\"(max-width: 384px) 100vw, 384px\" \/>\t\t\t\t\t\t\t\t\t\t\t\t\t\t\t<\/div>\n\t\t\t\t<\/div>\n\t\t\t\t\t<\/div>\n\t\t<\/div>\n\t\t\t\t<div class=\"elementor-column elementor-col-20 elementor-top-column elementor-element elementor-element-fa23257\" data-id=\"fa23257\" data-element_type=\"column\">\n\t\t\t<div class=\"elementor-widget-wrap elementor-element-populated\">\n\t\t\t\t\t\t\t\t<div class=\"elementor-element elementor-element-4d3a62d elementor-widget elementor-widget-image\" data-id=\"4d3a62d\" data-element_type=\"widget\" data-widget_type=\"image.default\">\n\t\t\t\t<div class=\"elementor-widget-container\">\n\t\t\t\t\t\t\t\t\t\t\t\t\t\t\t<img width=\"384\" height=\"384\" src=\"https:\/\/daughtersofpushers.org\/wp-content\/uploads\/2021\/12\/05.jpg\" class=\"attachment-large size-large\" alt=\"\" loading=\"lazy\" srcset=\"https:\/\/daughtersofpushers.org\/wp-content\/uploads\/2021\/12\/05.jpg 384w, https:\/\/daughtersofpushers.org\/wp-content\/uploads\/2021\/12\/05-300x300.jpg 300w, https:\/\/daughtersofpushers.org\/wp-content\/uploads\/2021\/12\/05-100x100.jpg 100w, https:\/\/daughtersofpushers.org\/wp-content\/uploads\/2021\/12\/05-150x150.jpg 150w\" sizes=\"(max-width: 384px) 100vw, 384px\" \/>\t\t\t\t\t\t\t\t\t\t\t\t\t\t\t<\/div>\n\t\t\t\t<\/div>\n\t\t\t\t\t<\/div>\n\t\t<\/div>\n\t\t\t\t\t\t\t<\/div>\n\t\t<\/section>\n\t\t\t\t<section class=\"elementor-section elementor-top-section elementor-element elementor-element-f3152d4 elementor-section-content-middle elementor-section-boxed elementor-section-height-default elementor-section-height-default\" data-id=\"f3152d4\" data-element_type=\"section\">\n\t\t\t\t\t\t<div class=\"elementor-container elementor-column-gap-default\">\n\t\t\t\t\t<div class=\"elementor-column elementor-col-100 elementor-top-column elementor-element elementor-element-65b87eb\" data-id=\"65b87eb\" data-element_type=\"column\">\n\t\t\t<div class=\"elementor-widget-wrap elementor-element-populated\">\n\t\t\t\t\t\t\t\t<div class=\"elementor-element elementor-element-c0abfba elementor-widget elementor-widget-heading\" data-id=\"c0abfba\" data-element_type=\"widget\" data-widget_type=\"heading.default\">\n\t\t\t\t<div class=\"elementor-widget-container\">\n\t\t\t<h2 class=\"elementor-heading-title elementor-size-default\">NOSSA MISS\u00c3O<\/h2>\t\t<\/div>\n\t\t\t\t<\/div>\n\t\t\t\t<div class=\"elementor-element elementor-element-88d3143 elementor-widget elementor-widget-text-editor\" data-id=\"88d3143\" data-element_type=\"widget\" data-widget_type=\"text-editor.default\">\n\t\t\t\t<div class=\"elementor-widget-container\">\n\t\t\t\t\t\t\t<p>Empurr\u00e3o, Prop\u00f3sito, Ora\u00e7\u00e3o = Poder. Conduza voc\u00ea \u00e0 presen\u00e7a de Deus para que voc\u00ea opere em amor em tudo o que fizer, ser e falar. Espiritualmente equip\u00e1-lo para ser a mulher de excel\u00eancia e uma mulher de Deus. Ajude, cure e honre a mulher de Deus dentro de voc\u00ea. Apague todos os obst\u00e1culos que est\u00e3o bloqueando voc\u00ea. Empurradores ir\u00e3o elev\u00e1-lo para sua pr\u00f3xima dimens\u00e3o. Resgate, reabaste\u00e7a, reconstrua e reviva voc\u00ea. Com cada \u201cRE\u201d h\u00e1 uma promessa de Deus ligada a ele. Fique com voc\u00ea enquanto voc\u00ea caminha para a grandeza. N\u00f3s somos seus campe\u00f5es para a gl\u00f3ria de Deus.<\/p>\t\t\t\t\t\t<\/div>\n\t\t\t\t<\/div>\n\t\t\t\t<div class=\"elementor-element elementor-element-685a290 elementor-widget elementor-widget-text-editor\" data-id=\"685a290\" data-element_type=\"widget\" data-widget_type=\"text-editor.default\">\n\t\t\t\t<div class=\"elementor-widget-container\">\n\t\t\t\t\t\t\t<p>Estamos aqui para levant\u00e1-lo atrav\u00e9s do fogo l\u00edquido do amor de Deus. Crie um movimento natural e espiritualmente como mulheres de excel\u00eancia. Somos parteiras espirituais aqui para cultivar as mulheres de Deus dentro de voc\u00ea. EMPURRE. &#8211; EMPURRE. &#8211; EMPURRE. Reze at\u00e9 que algo aconte\u00e7a. Prop\u00f3sito, Ora\u00e7\u00e3o, Louvor e Proclama\u00e7\u00e3o; Se quer acontecer, precisa ser falado. Sim, acidentalmente no Prop\u00f3sito. Cada encontro com as Filhas dos Empurradores foi a manifesta\u00e7\u00e3o da presen\u00e7a de Deus. Milagres, Sinais e Maravilhas. \u201cQual \u00e9 o melhor presente? O que \u00e9 necess\u00e1rio no momento.\u201d Deus est\u00e1 usando este minist\u00e9rio globalmente, como um \u201cEmpurrador Internacional\u201d antes da pandemia, todos os anos viajo extensivamente ao Brasil libertando os cativos de acordo com (Isa\u00edas 61).<\/p>\t\t\t\t\t\t<\/div>\n\t\t\t\t<\/div>\n\t\t\t\t<div class=\"elementor-element elementor-element-951a4dc elementor-widget elementor-widget-text-editor\" data-id=\"951a4dc\" data-element_type=\"widget\" data-widget_type=\"text-editor.default\">\n\t\t\t\t<div class=\"elementor-widget-container\">\n\t\t\t\t\t\t\t<p>Daughters of Pushers INC (DOP) \u00e9 um defensor da comunidade e aboli\u00e7\u00e3o envolvida em miss\u00f5es de resgate para tr\u00e1fico de seres humanos, centros de cura, orfanato, centros de reabilita\u00e7\u00e3o, casa segura e igrejas em todo o mundo. Auxiliamos em servi\u00e7os sociais para restabelecer mulheres e crian\u00e7as na comunidade. Atendemos a necessidade imediata como m\u00f3veis, roupas de cama, roupas, alimentos, refei\u00e7\u00f5es caseiras, etc.<\/p>\t\t\t\t\t\t<\/div>\n\t\t\t\t<\/div>\n\t\t\t\t<div class=\"elementor-element elementor-element-0944fd7 elementor-widget elementor-widget-text-editor\" data-id=\"0944fd7\" data-element_type=\"widget\" data-widget_type=\"text-editor.default\">\n\t\t\t\t<div class=\"elementor-widget-container\">\n\t\t\t\t\t\t\t<p><strong>Dr. Christina Johnson<\/strong><\/p><p><strong> Founder\/International Pusher<\/strong><\/p>\t\t\t\t\t\t<\/div>\n\t\t\t\t<\/div>\n\t\t\t\t\t<\/div>\n\t\t<\/div>\n\t\t\t\t\t\t\t<\/div>\n\t\t<\/section>\n\t\t\t\t\t\t<\/div>\n\t\t\t\t\t<\/div>\n\t\t","protected":false},"excerpt":{"rendered":"<p>SOBRE Eu sou a pastora Christina Johnson, fundadora da Daughters of Pushers INC, uma organiza\u00e7\u00e3o sem fins lucrativos (501c3) estabelecida desde fevereiro de 2020. Por mais de 30 anos, tenho recebido em minha casa mulheres, homens e fam\u00edlias que estavam perturbadas, sem-teto e abusado. Deus me usou para edificar as mulheres atrav\u00e9s do \u201cAcampamento Espiritual\u201d. [&hellip;]<\/p>\n","protected":false},"author":1,"featured_media":0,"parent":0,"menu_order":0,"comment_status":"closed","ping_status":"closed","template":"elementor_header_footer","meta":{"_links_to":"","_links_to_target":""},"yoast_head":"<!-- This site is optimized with the Yoast SEO plugin v18.2 - https:\/\/yoast.com\/wordpress\/plugins\/seo\/ -->\n<title>Sobre - Daughters of Pushers<\/title>\n<meta name=\"robots\" content=\"index, follow, max-snippet:-1, max-image-preview:large, max-video-preview:-1\" \/>\n<link rel=\"canonical\" href=\"https:\/\/daughtersofpushers.org\/pt-br\/sobre\/\" \/>\n<meta property=\"og:locale\" content=\"pt_BR\" \/>\n<meta property=\"og:type\" content=\"article\" \/>\n<meta property=\"og:title\" content=\"Sobre - Daughters of Pushers\" \/>\n<meta property=\"og:description\" content=\"SOBRE Eu sou a pastora Christina Johnson, fundadora da Daughters of Pushers INC, uma organiza\u00e7\u00e3o sem fins lucrativos (501c3) estabelecida desde fevereiro de 2020. Por mais de 30 anos, tenho recebido em minha casa mulheres, homens e fam\u00edlias que estavam perturbadas, sem-teto e abusado. Deus me usou para edificar as mulheres atrav\u00e9s do \u201cAcampamento Espiritual\u201d. [&hellip;]\" \/>\n<meta property=\"og:url\" content=\"https:\/\/daughtersofpushers.org\/pt-br\/sobre\/\" \/>\n<meta property=\"og:site_name\" content=\"Daughters of Pushers\" \/>\n<meta property=\"article:modified_time\" content=\"2022-02-05T18:53:55+00:00\" \/>\n<meta property=\"og:image\" content=\"https:\/\/daughtersofpushers.org\/wp-content\/uploads\/2021\/12\/01.jpg\" \/>\n<meta name=\"twitter:card\" content=\"summary_large_image\" \/>\n<meta name=\"twitter:label1\" content=\"Est. tempo de leitura\" \/>\n\t<meta name=\"twitter:data1\" content=\"4 minutos\" \/>\n<script type=\"application\/ld+json\" class=\"yoast-schema-graph\">{\"@context\":\"https:\/\/schema.org\",\"@graph\":[{\"@type\":\"WebSite\",\"@id\":\"https:\/\/daughtersofpushers.org\/#website\",\"url\":\"https:\/\/daughtersofpushers.org\/\",\"name\":\"Daughters of Pushers\",\"description\":\"\",\"potentialAction\":[{\"@type\":\"SearchAction\",\"target\":{\"@type\":\"EntryPoint\",\"urlTemplate\":\"https:\/\/daughtersofpushers.org\/?s={search_term_string}\"},\"query-input\":\"required name=search_term_string\"}],\"inLanguage\":\"pt-BR\"},{\"@type\":\"ImageObject\",\"@id\":\"https:\/\/daughtersofpushers.org\/pt-br\/sobre\/#primaryimage\",\"inLanguage\":\"pt-BR\",\"url\":\"https:\/\/daughtersofpushers.org\/wp-content\/uploads\/2021\/12\/01.jpg\",\"contentUrl\":\"https:\/\/daughtersofpushers.org\/wp-content\/uploads\/2021\/12\/01.jpg\",\"width\":384,\"height\":384},{\"@type\":\"WebPage\",\"@id\":\"https:\/\/daughtersofpushers.org\/pt-br\/sobre\/#webpage\",\"url\":\"https:\/\/daughtersofpushers.org\/pt-br\/sobre\/\",\"name\":\"Sobre - Daughters of Pushers\",\"isPartOf\":{\"@id\":\"https:\/\/daughtersofpushers.org\/#website\"},\"primaryImageOfPage\":{\"@id\":\"https:\/\/daughtersofpushers.org\/pt-br\/sobre\/#primaryimage\"},\"datePublished\":\"2021-12-01T02:19:42+00:00\",\"dateModified\":\"2022-02-05T18:53:55+00:00\",\"breadcrumb\":{\"@id\":\"https:\/\/daughtersofpushers.org\/pt-br\/sobre\/#breadcrumb\"},\"inLanguage\":\"pt-BR\",\"potentialAction\":[{\"@type\":\"ReadAction\",\"target\":[\"https:\/\/daughtersofpushers.org\/pt-br\/sobre\/\"]}]},{\"@type\":\"BreadcrumbList\",\"@id\":\"https:\/\/daughtersofpushers.org\/pt-br\/sobre\/#breadcrumb\",\"itemListElement\":[{\"@type\":\"ListItem\",\"position\":1,\"name\":\"Home\",\"item\":\"https:\/\/daughtersofpushers.org\/pt-br\/inicio\/\"},{\"@type\":\"ListItem\",\"position\":2,\"name\":\"Sobre\"}]}]}<\/script>\n<!-- \/ Yoast SEO plugin. -->","yoast_head_json":{"title":"Sobre - Daughters of Pushers","robots":{"index":"index","follow":"follow","max-snippet":"max-snippet:-1","max-image-preview":"max-image-preview:large","max-video-preview":"max-video-preview:-1"},"canonical":"https:\/\/daughtersofpushers.org\/pt-br\/sobre\/","og_locale":"pt_BR","og_type":"article","og_title":"Sobre - Daughters of Pushers","og_description":"SOBRE Eu sou a pastora Christina Johnson, fundadora da Daughters of Pushers INC, uma organiza\u00e7\u00e3o sem fins lucrativos (501c3) estabelecida desde fevereiro de 2020. Por mais de 30 anos, tenho recebido em minha casa mulheres, homens e fam\u00edlias que estavam perturbadas, sem-teto e abusado. Deus me usou para edificar as mulheres atrav\u00e9s do \u201cAcampamento Espiritual\u201d. [&hellip;]","og_url":"https:\/\/daughtersofpushers.org\/pt-br\/sobre\/","og_site_name":"Daughters of Pushers","article_modified_time":"2022-02-05T18:53:55+00:00","og_image":[{"url":"https:\/\/daughtersofpushers.org\/wp-content\/uploads\/2021\/12\/01.jpg"}],"twitter_card":"summary_large_image","twitter_misc":{"Est. tempo de leitura":"4 minutos"},"schema":{"@context":"https:\/\/schema.org","@graph":[{"@type":"WebSite","@id":"https:\/\/daughtersofpushers.org\/#website","url":"https:\/\/daughtersofpushers.org\/","name":"Daughters of Pushers","description":"","potentialAction":[{"@type":"SearchAction","target":{"@type":"EntryPoint","urlTemplate":"https:\/\/daughtersofpushers.org\/?s={search_term_string}"},"query-input":"required name=search_term_string"}],"inLanguage":"pt-BR"},{"@type":"ImageObject","@id":"https:\/\/daughtersofpushers.org\/pt-br\/sobre\/#primaryimage","inLanguage":"pt-BR","url":"https:\/\/daughtersofpushers.org\/wp-content\/uploads\/2021\/12\/01.jpg","contentUrl":"https:\/\/daughtersofpushers.org\/wp-content\/uploads\/2021\/12\/01.jpg","width":384,"height":384},{"@type":"WebPage","@id":"https:\/\/daughtersofpushers.org\/pt-br\/sobre\/#webpage","url":"https:\/\/daughtersofpushers.org\/pt-br\/sobre\/","name":"Sobre - Daughters of Pushers","isPartOf":{"@id":"https:\/\/daughtersofpushers.org\/#website"},"primaryImageOfPage":{"@id":"https:\/\/daughtersofpushers.org\/pt-br\/sobre\/#primaryimage"},"datePublished":"2021-12-01T02:19:42+00:00","dateModified":"2022-02-05T18:53:55+00:00","breadcrumb":{"@id":"https:\/\/daughtersofpushers.org\/pt-br\/sobre\/#breadcrumb"},"inLanguage":"pt-BR","potentialAction":[{"@type":"ReadAction","target":["https:\/\/daughtersofpushers.org\/pt-br\/sobre\/"]}]},{"@type":"BreadcrumbList","@id":"https:\/\/daughtersofpushers.org\/pt-br\/sobre\/#breadcrumb","itemListElement":[{"@type":"ListItem","position":1,"name":"Home","item":"https:\/\/daughtersofpushers.org\/pt-br\/inicio\/"},{"@type":"ListItem","position":2,"name":"Sobre"}]}]}},"_links":{"self":[{"href":"https:\/\/daughtersofpushers.org\/pt-br\/wp-json\/wp\/v2\/pages\/366"}],"collection":[{"href":"https:\/\/daughtersofpushers.org\/pt-br\/wp-json\/wp\/v2\/pages"}],"about":[{"href":"https:\/\/daughtersofpushers.org\/pt-br\/wp-json\/wp\/v2\/types\/page"}],"author":[{"embeddable":true,"href":"https:\/\/daughtersofpushers.org\/pt-br\/wp-json\/wp\/v2\/users\/1"}],"replies":[{"embeddable":true,"href":"https:\/\/daughtersofpushers.org\/pt-br\/wp-json\/wp\/v2\/comments?post=366"}],"version-history":[{"count":3,"href":"https:\/\/daughtersofpushers.org\/pt-br\/wp-json\/wp\/v2\/pages\/366\/revisions"}],"predecessor-version":[{"id":391,"href":"https:\/\/daughtersofpushers.org\/pt-br\/wp-json\/wp\/v2\/pages\/366\/revisions\/391"}],"wp:attachment":[{"href":"https:\/\/daughtersofpushers.org\/pt-br\/wp-json\/wp\/v2\/media?parent=366"}],"curies":[{"name":"wp","href":"https:\/\/api.w.org\/{rel}","templated":true}]}}